{"id":1410,"date":"2021-10-23T23:45:13","date_gmt":"2021-10-24T04:45:13","guid":{"rendered":"https:\/\/www.bananasadventure.com\/?page_id=1410"},"modified":"2021-11-05T12:24:15","modified_gmt":"2021-11-05T17:24:15","slug":"terminos-y-condiciones-reservas-de-alojamiento","status":"publish","type":"page","link":"https:\/\/www.bananasadventure.com\/es\/terminos-y-condiciones-reservas-de-alojamiento\/","title":{"rendered":"T\u00e9rminos y Condiciones &#8211; Reservas de Alojamiento"},"content":{"rendered":"<p><b>1. Reservas<\/b><\/p>\n<p>1.1 Los hu\u00e9spedes deben confirmar su hora aproximada de llegada. Si su avi\u00f3n o bus se atrasa, debe avisarnos por correo electr\u00f3nico para poder garantizar su reserva.<\/p>\n<p>1.2 A la llegada en recepci\u00f3n, se solicitar\u00e1 el pago total de todas las noches, cuartos\/camas de la reserva por adelantado.<\/p>\n<p>1.3 En el caso de las reservas en dormitorios compartidos, no podemos garantizar que todas las personas de su grupo sea ubicadas en el mismo dormitorio.<\/p>\n<p>1.4 Los hu\u00e9spedes que se alojen en dormitorios compartidos deben ser mayores de 18 a\u00f1os. No se permiten beb\u00e9s, ni\u00f1os o hu\u00e9spedes menores de edad en los dormitorios compartidos.<\/p>\n<p><b>2. Horarios del Check-in y Check-out<\/b><\/p>\n<p>2.1 Los hu\u00e9spedes pueden ingresar a las habitaciones (check-in) a partir de las 14h00. El incumplimiento del horario de salida de las habitaciones (check-out &#8211; 11:00AM) ser\u00e1 penalizado con un cargo adicional equivalente a una noche de estad\u00eda.<\/p>\n<p><b>3. Cargos e impuestos<\/b><\/p>\n<p>3.1 <u>De acuerdo con las leyes tributarias del pa\u00eds, los ciudadanos peruanos (y los extranjeros que permanezcan m\u00e1s de 59 d\u00edas en Per\u00fa) deber\u00e1n pagar un 18% adicional de IGV. Para quedar exento de este impuesto del 18%, es necesario presentar una copia de la tarjeta de inmigraci\u00f3n andina y del pasaporte.\u00a0<\/u><u><\/u><\/p>\n<p><u>Es necesario presentar ambos documentos para poder acogerse a la exenci\u00f3n del impuesto. Caso contrario, se deber\u00e1 abonar el impuesto indicado. Asimismo, el impuesto del 18% de IGV se adicionar\u00e1 al importe total de su estancia si hay uno o m\u00e1s hu\u00e9spedes sujetos a impuestos en su reserva.<\/u><\/p>\n<p><u>Los hu\u00e9spedes extranjeros en estancia de negocios que soliciten una factura tambi\u00e9n deber\u00e1n abonar el 18 % de IGV, independientemente de la duraci\u00f3n de su estancia en Per\u00fa.<\/u><\/p>\n<p>3.2 Los dormitorios compartidos no incluyen toallas. Puede rentarlas por un costo adicional de 5,00 PEN por toalla. Se solicitar\u00e1 una identificaci\u00f3n como garant\u00eda y se le devolver\u00e1 despu\u00e9s de que se devuelvan las toallas rentadas. Las habitaciones privadas incluyen 1 (UNA) toalla por hu\u00e9sped. Las toallas adicionales est\u00e1n sujetas al costo adicional de 5,00 PEN por toalla.<\/p>\n<p><b>4. Pagos<\/b><\/p>\n<p>4.1 El pago puede realizarse en efectivo (en soles peruanos o d\u00f3lares estadounidenses) o con tarjeta de cr\u00e9dito\/d\u00e9bito* (en soles peruanos o d\u00f3lares estadounidenses).<\/p>\n<p><b>*NOTA: A los hu\u00e9spedes que reserven a trav\u00e9s de Booking.com y deseen pagar con una tarjeta de cr\u00e9dito\/d\u00e9bito extranjera se les cobrar\u00e1 en d\u00f3lares estadounidenses.<\/b><\/p>\n<p>4.2 Debido a las pol\u00edticas de bancos del pa\u00eds, no se aceptar\u00e1n billetes de d\u00f3lar estadounidenses que presenten rasgaduras, manchas, signos de deterioro, entre otros.<\/p>\n<p><b>5. Reubicaci\u00f3n por incapacidad de alojamiento<\/b><\/p>\n<p>5.1 En el caso improbable de que el Hospedaje Bananas Adventure tenga dificultades para brindarle el n\u00famero y\/o tipo de cuartos o camas reservadas por el hu\u00e9sped, el hospedaje se reserva el derecho de contratar alojamiento provisional en un hospedaje cercano del mismo est\u00e1ndar o similar para el hu\u00e9sped. Este hecho no exime al hu\u00e9sped de la obligaci\u00f3n de pagar al hospedaje por su estad\u00eda. De igual forma, no los hace acreedores de un descuento especial y\/o compensaci\u00f3n.<\/p>\n<p><b>6. Derecho de Admisi\u00f3n<\/b><\/p>\n<p>6.1 Cualquier tipo de comportamiento considerado inapropiado, violento o perturbador ser\u00e1 penado con la expulsi\u00f3n del hu\u00e9sped y si fuera necesario, se solicitar\u00e1 la intervenci\u00f3n de las autoridades locales.<\/p>\n<p>6.2 El hospedaje se reserva el derecho de prohibir la entrada de cualquier hu\u00e9sped y\/o de rehusarse a ofrecerle alojamiento si es que el personal encargado considera que el cliente se encuentra bajo los efectos del alcohol y\/o drogas y\/o se comporta de manera amenazante, abusiva o inapropiada y\/o inaceptable.<\/p>\n<p><b>7. Reglas Generales del hospedaje<\/b><\/p>\n<p>7.1 El bar y restaurante del hospedaje cierra entre las 22h\/22h 30. Las horas de silencio son entre las 22h y las 10h.<\/p>\n<p>7.2 El horario de uso de la piscina es de 9h a 22h todos los d\u00edas. Profundidad de la piscina: 1,60 m\/5,25 pies.<\/p>\n<p>7.3 No se permiten fiestas o ruido excesivo en nuestro hospedaje. No es posible poner su propia m\u00fasica en las habitaciones o en las \u00e1reas comunes.<\/p>\n<p>7.4 Est\u00e1 prohibido el ingreso de comida o bebidas\/tragos adquiridos fuera del hospedaje para consumir o guardar dentro del mismo.<\/p>\n<p>7.5 El consumo y\/o venta de drogas il\u00edcitas est\u00e1 terminantemente prohibido dentro del hospedaje.<\/p>\n<p>7.6 Los hu\u00e9spedes deben traer su propio candado para los casilleros de seguridad o lockers.<\/p>\n<p>7.7 Los hu\u00e9spedes deben devolver la llave de la habitaci\u00f3n y las toallas a la recepci\u00f3n al hacer el check-out.<\/p>\n<p>7.8 Est\u00e1 terminantemente prohibida la discriminaci\u00f3n por raza, sexo, nacionalidad, religi\u00f3n\/creencia u orientaci\u00f3n sexual\/identidad de g\u00e9nero.<\/p>\n<p><b>8. Estacionamiento<\/b><\/p>\n<p>8.1. No tenemos estacionamiento dentro de nuestro hospedaje. Hay espacio para aparcar a las afueras del mismo (calle). A pesar de que nuestra recepcionista de turno noche pueda acceder a vigilar con gusto su veh\u00edculo si lo solicita, no seremos responsables de cualquier p\u00e9rdida o da\u00f1o de su veh\u00edculo.<\/p>\n<p><b>9. Exenci\u00f3n de Responsabilidad por p\u00e9rdida, da\u00f1o, etc.<\/b><\/p>\n<p>9.1 El hospedaje Bananas Adventure no se hace responsable por la p\u00e9rdida o da\u00f1o de cualquier efecto personal u objeto que haya sido dejado dentro o fuera de las habitaciones o en cualquier lugar dentro de nuestro establecimiento. Contamos con casilleros (lockers) o cajas fuertes para proteger objetos importantes o de valor durante toda la estad\u00eda.<\/p>\n<p>9.2 El hu\u00e9sped debe mantener la llave de su habitaci\u00f3n en un lugar seguro y devolverla oportunamente a la recepci\u00f3n despu\u00e9s del check-out. Penalidad por incumplimiento o p\u00e9rdida: 50.00 soles peruanos.<\/p>\n<p>9.3 El hospedaje no se hace responsable por muerte o da\u00f1o f\u00edsico producto de una negligencia del hu\u00e9sped o por causas naturales o propias de la acci\u00f3n irresponsable o maniobra riesgosa realizada ya sea dentro del hostal o durante alguna actividad.<\/p>\n<p>9.4 El hu\u00e9sped es responsable de cuidar de las instalaciones y art\u00edculos del hospedaje a los que tenga acceso. En el caso de p\u00e9rdida, deterioro, rompimiento o cualquier da\u00f1o producto de una acci\u00f3n que perjudique el \u00f3ptimo estado o funcionamiento de nuestras instalaciones u objetos\/art\u00edculos puestos a disposici\u00f3n del hu\u00e9sped, se solicitar\u00e1 una indemnizaci\u00f3n econ\u00f3mica por parte de este a favor del hospedaje Esta indemnizaci\u00f3n deber\u00e1 ser equivalente al costo o da\u00f1o causado o que, en efecto, cubra los costos de reposici\u00f3n.<\/p>\n<p>9.5 En el caso de da\u00f1os a la integridad personal (f\u00edsica o psicol\u00f3gica) de otro hu\u00e9sped, personal del hotel o visitante, el hu\u00e9sped causante del da\u00f1o se har\u00e1 responsable de todos los gastos que el afectado deba o necesite incurrir.<\/p>\n<p><b>10. Viajar con menores de edad\/hu\u00e9spedes menores de edad<\/b><\/p>\n<p>10.1 Los menores o acompa\u00f1antes menores de edad solo pueden alojarse en el hospedaje si van acompa\u00f1ados de sus padres o tutor(es) legal(es). En el caso de los tutores legales, se solicitar\u00e1 una prueba de la tutela legal al hacer el registro de entrada (check-in). Se solicitar\u00e1 una autorizaci\u00f3n de viaje notariada firmada por los padres o tutores legales a los hu\u00e9spedes menores de edad que se hospeden solos en nuestro hospedaje. Los hu\u00e9spedes menores de edad (menores de 18 a\u00f1os) solo pueden alojarse en habitaciones privadas.<\/p>\n<p>10.2 Es responsabilidad exclusiva de los padres o tutores legales cuidar de sus hijos o de los hu\u00e9spedes menores de edad de los que est\u00e9n a cargo durante su estad\u00eda en nuestro hospedaje. Los padres o tutores legales ser\u00e1n responsables de cualquier eventualidad o acci\u00f3n negativa que pueda derivarse o producirse en relaci\u00f3n con la estancia de ni\u00f1os o menores de edad que est\u00e9n legalmente a su cargo.<\/p>\n","protected":false},"excerpt":{"rendered":"<p>1. Reservas 1.1 Los hu\u00e9spedes deben confirmar su hora aproximada de llegada. Si su avi\u00f3n o bus se atrasa, debe avisarnos por correo electr\u00f3nico para poder garantizar su reserva. 1.2 A la llegada en recepci\u00f3n, se solicitar\u00e1 el pago total de todas las noches, cuartos\/camas de la reserva por adelantado. 1.3 En el caso de [&hellip;]<\/p>\n","protected":false},"author":2,"featured_media":0,"parent":0,"menu_order":0,"comment_status":"closed","ping_status":"closed","template":"","meta":{"_acf_changed":false,"footnotes":""},"class_list":["post-1410","page","type-page","status-publish","hentry"],"acf":[],"yoast_head":"<!-- This site is optimized with the Yoast SEO plugin v27.2 - https:\/\/yoast.com\/product\/yoast-seo-wordpress\/ -->\n<title>T\u00e9rminos y Condiciones - Reservas de Alojamiento - Bananas Adventure Huacachina<\/title>\n<meta name=\"robots\" content=\"index, follow, max-snippet:-1, max-image-preview:large, max-video-preview:-1\" \/>\n<link rel=\"canonical\" href=\"https:\/\/www.bananasadventure.com\/es\/terminos-y-condiciones-reservas-de-alojamiento\/\" \/>\n<meta property=\"og:locale\" content=\"es_ES\" \/>\n<meta property=\"og:type\" content=\"article\" \/>\n<meta property=\"og:title\" content=\"T\u00e9rminos y Condiciones - Reservas de Alojamiento - Bananas Adventure Huacachina\" \/>\n<meta property=\"og:description\" content=\"1. Reservas 1.1 Los hu\u00e9spedes deben confirmar su hora aproximada de llegada. Si su avi\u00f3n o bus se atrasa, debe avisarnos por correo electr\u00f3nico para poder garantizar su reserva. 1.2 A la llegada en recepci\u00f3n, se solicitar\u00e1 el pago total de todas las noches, cuartos\/camas de la reserva por adelantado. 1.3 En el caso de [&hellip;]\" \/>\n<meta property=\"og:url\" content=\"https:\/\/www.bananasadventure.com\/es\/terminos-y-condiciones-reservas-de-alojamiento\/\" \/>\n<meta property=\"og:site_name\" content=\"Bananas Adventure Huacachina\" \/>\n<meta property=\"article:modified_time\" content=\"2021-11-05T17:24:15+00:00\" \/>\n<meta name=\"twitter:card\" content=\"summary_large_image\" \/>\n<meta name=\"twitter:label1\" content=\"Tiempo de lectura\" \/>\n\t<meta name=\"twitter:data1\" content=\"7 minutos\" \/>\n<script type=\"application\/ld+json\" class=\"yoast-schema-graph\">{\"@context\":\"https:\/\/schema.org\",\"@graph\":[{\"@type\":\"WebPage\",\"@id\":\"https:\/\/www.bananasadventure.com\/es\/terminos-y-condiciones-reservas-de-alojamiento\/\",\"url\":\"https:\/\/www.bananasadventure.com\/es\/terminos-y-condiciones-reservas-de-alojamiento\/\",\"name\":\"T\u00e9rminos y Condiciones - Reservas de Alojamiento - Bananas Adventure Huacachina\",\"isPartOf\":{\"@id\":\"https:\/\/www.bananasadventure.com\/es\/#website\"},\"datePublished\":\"2021-10-24T04:45:13+00:00\",\"dateModified\":\"2021-11-05T17:24:15+00:00\",\"breadcrumb\":{\"@id\":\"https:\/\/www.bananasadventure.com\/es\/terminos-y-condiciones-reservas-de-alojamiento\/#breadcrumb\"},\"inLanguage\":\"es\",\"potentialAction\":[{\"@type\":\"ReadAction\",\"target\":[\"https:\/\/www.bananasadventure.com\/es\/terminos-y-condiciones-reservas-de-alojamiento\/\"]}]},{\"@type\":\"BreadcrumbList\",\"@id\":\"https:\/\/www.bananasadventure.com\/es\/terminos-y-condiciones-reservas-de-alojamiento\/#breadcrumb\",\"itemListElement\":[{\"@type\":\"ListItem\",\"position\":1,\"name\":\"Home\",\"item\":\"https:\/\/www.bananasadventure.com\/es\/\"},{\"@type\":\"ListItem\",\"position\":2,\"name\":\"T\u00e9rminos y Condiciones &#8211; Reservas de Alojamiento\"}]},{\"@type\":\"WebSite\",\"@id\":\"https:\/\/www.bananasadventure.com\/es\/#website\",\"url\":\"https:\/\/www.bananasadventure.com\/es\/\",\"name\":\"Bananas Adventure Huacachina\",\"description\":\"Accommodation in Huacachina, Tours, Bar, Restaurant\",\"potentialAction\":[{\"@type\":\"SearchAction\",\"target\":{\"@type\":\"EntryPoint\",\"urlTemplate\":\"https:\/\/www.bananasadventure.com\/es\/?s={search_term_string}\"},\"query-input\":{\"@type\":\"PropertyValueSpecification\",\"valueRequired\":true,\"valueName\":\"search_term_string\"}}],\"inLanguage\":\"es\"}]}<\/script>\n<!-- \/ Yoast SEO plugin. -->","yoast_head_json":{"title":"T\u00e9rminos y Condiciones - Reservas de Alojamiento - Bananas Adventure Huacachina","robots":{"index":"index","follow":"follow","max-snippet":"max-snippet:-1","max-image-preview":"max-image-preview:large","max-video-preview":"max-video-preview:-1"},"canonical":"https:\/\/www.bananasadventure.com\/es\/terminos-y-condiciones-reservas-de-alojamiento\/","og_locale":"es_ES","og_type":"article","og_title":"T\u00e9rminos y Condiciones - Reservas de Alojamiento - Bananas Adventure Huacachina","og_description":"1. Reservas 1.1 Los hu\u00e9spedes deben confirmar su hora aproximada de llegada. Si su avi\u00f3n o bus se atrasa, debe avisarnos por correo electr\u00f3nico para poder garantizar su reserva. 1.2 A la llegada en recepci\u00f3n, se solicitar\u00e1 el pago total de todas las noches, cuartos\/camas de la reserva por adelantado. 1.3 En el caso de [&hellip;]","og_url":"https:\/\/www.bananasadventure.com\/es\/terminos-y-condiciones-reservas-de-alojamiento\/","og_site_name":"Bananas Adventure Huacachina","article_modified_time":"2021-11-05T17:24:15+00:00","twitter_card":"summary_large_image","twitter_misc":{"Tiempo de lectura":"7 minutos"},"schema":{"@context":"https:\/\/schema.org","@graph":[{"@type":"WebPage","@id":"https:\/\/www.bananasadventure.com\/es\/terminos-y-condiciones-reservas-de-alojamiento\/","url":"https:\/\/www.bananasadventure.com\/es\/terminos-y-condiciones-reservas-de-alojamiento\/","name":"T\u00e9rminos y Condiciones - Reservas de Alojamiento - Bananas Adventure Huacachina","isPartOf":{"@id":"https:\/\/www.bananasadventure.com\/es\/#website"},"datePublished":"2021-10-24T04:45:13+00:00","dateModified":"2021-11-05T17:24:15+00:00","breadcrumb":{"@id":"https:\/\/www.bananasadventure.com\/es\/terminos-y-condiciones-reservas-de-alojamiento\/#breadcrumb"},"inLanguage":"es","potentialAction":[{"@type":"ReadAction","target":["https:\/\/www.bananasadventure.com\/es\/terminos-y-condiciones-reservas-de-alojamiento\/"]}]},{"@type":"BreadcrumbList","@id":"https:\/\/www.bananasadventure.com\/es\/terminos-y-condiciones-reservas-de-alojamiento\/#breadcrumb","itemListElement":[{"@type":"ListItem","position":1,"name":"Home","item":"https:\/\/www.bananasadventure.com\/es\/"},{"@type":"ListItem","position":2,"name":"T\u00e9rminos y Condiciones &#8211; Reservas de Alojamiento"}]},{"@type":"WebSite","@id":"https:\/\/www.bananasadventure.com\/es\/#website","url":"https:\/\/www.bananasadventure.com\/es\/","name":"Bananas Adventure Huacachina","description":"Accommodation in Huacachina, Tours, Bar, Restaurant","potentialAction":[{"@type":"SearchAction","target":{"@type":"EntryPoint","urlTemplate":"https:\/\/www.bananasadventure.com\/es\/?s={search_term_string}"},"query-input":{"@type":"PropertyValueSpecification","valueRequired":true,"valueName":"search_term_string"}}],"inLanguage":"es"}]}},"_links":{"self":[{"href":"https:\/\/www.bananasadventure.com\/es\/wp-json\/wp\/v2\/pages\/1410","targetHints":{"allow":["GET"]}}],"collection":[{"href":"https:\/\/www.bananasadventure.com\/es\/wp-json\/wp\/v2\/pages"}],"about":[{"href":"https:\/\/www.bananasadventure.com\/es\/wp-json\/wp\/v2\/types\/page"}],"author":[{"embeddable":true,"href":"https:\/\/www.bananasadventure.com\/es\/wp-json\/wp\/v2\/users\/2"}],"replies":[{"embeddable":true,"href":"https:\/\/www.bananasadventure.com\/es\/wp-json\/wp\/v2\/comments?post=1410"}],"version-history":[{"count":3,"href":"https:\/\/www.bananasadventure.com\/es\/wp-json\/wp\/v2\/pages\/1410\/revisions"}],"predecessor-version":[{"id":1442,"href":"https:\/\/www.bananasadventure.com\/es\/wp-json\/wp\/v2\/pages\/1410\/revisions\/1442"}],"wp:attachment":[{"href":"https:\/\/www.bananasadventure.com\/es\/wp-json\/wp\/v2\/media?parent=1410"}],"curies":[{"name":"wp","href":"https:\/\/api.w.org\/{rel}","templated":true}]}}